{"id":20,"date":"2025-10-09T15:30:28","date_gmt":"2025-10-09T15:30:28","guid":{"rendered":"http:\/\/wincode.online\/?post_type=product&#038;p=20"},"modified":"2026-04-22T00:41:38","modified_gmt":"2026-04-22T00:41:38","slug":"clave-de-activacion-windows-11","status":"publish","type":"product","link":"https:\/\/wincode.online\/?product=clave-de-activacion-windows-11","title":{"rendered":"Clave de Activaci\u00f3n Windows 11"},"content":{"rendered":"<p>Hazte con la clave de licencia genuina de Windows 11 Pro y disfruta de todas las funciones avanzadas para potenciar tu productividad y seguridad.<\/p>\n<p>Esta es una licencia 100% original que te permite activar permanentemente una instalaci\u00f3n de Windows 11 Pro en un PC. Recibir\u00e1s tu clave de producto por correo electr\u00f3nico despu\u00e9s de la compra, junto con las instrucciones detalladas para su instalaci\u00f3n y activaci\u00f3n.<\/p>\n","protected":false},"excerpt":{"rendered":"<p>Clave de licencia genuina de Windows 11 Pro<\/p>\n","protected":false},"featured_media":21,"comment_status":"open","ping_status":"closed","template":"","meta":[],"product_brand":[],"product_cat":[19],"product_tag":[],"class_list":{"0":"post-20","1":"product","2":"type-product","3":"status-publish","4":"has-post-thumbnail","6":"product_cat-windows-11","8":"first","9":"instock","10":"downloadable","11":"virtual","12":"taxable","13":"purchasable","14":"product-type-simple"},"jetpack_sharing_enabled":true,"_links":{"self":[{"href":"https:\/\/wincode.online\/index.php?rest_route=\/wp\/v2\/product\/20","targetHints":{"allow":["GET"]}}],"collection":[{"href":"https:\/\/wincode.online\/index.php?rest_route=\/wp\/v2\/product"}],"about":[{"href":"https:\/\/wincode.online\/index.php?rest_route=\/wp\/v2\/types\/product"}],"replies":[{"embeddable":true,"href":"https:\/\/wincode.online\/index.php?rest_route=%2Fwp%2Fv2%2Fcomments&post=20"}],"wp:featuredmedia":[{"embeddable":true,"href":"https:\/\/wincode.online\/index.php?rest_route=\/wp\/v2\/media\/21"}],"wp:attachment":[{"href":"https:\/\/wincode.online\/index.php?rest_route=%2Fwp%2Fv2%2Fmedia&parent=20"}],"wp:term":[{"taxonomy":"product_brand","embeddable":true,"href":"https:\/\/wincode.online\/index.php?rest_route=%2Fwp%2Fv2%2Fproduct_brand&post=20"},{"taxonomy":"product_cat","embeddable":true,"href":"https:\/\/wincode.online\/index.php?rest_route=%2Fwp%2Fv2%2Fproduct_cat&post=20"},{"taxonomy":"product_tag","embeddable":true,"href":"https:\/\/wincode.online\/index.php?rest_route=%2Fwp%2Fv2%2Fproduct_tag&post=20"}],"curies":[{"name":"wp","href":"https:\/\/api.w.org\/{rel}","templated":true}]}}